{"id":983,"date":"2021-02-18T18:49:49","date_gmt":"2021-02-18T17:49:49","guid":{"rendered":"https:\/\/www.association-auburtin.fr\/?page_id=983"},"modified":"2023-04-29T15:54:24","modified_gmt":"2023-04-29T13:54:24","slug":"sa-vie-6","status":"publish","type":"page","link":"https:\/\/www.association-auburtin.fr\/index.php\/accueil\/sa-vie\/sa-vie-6\/","title":{"rendered":"Sa vie 6"},"content":{"rendered":"\n<div class=\"wp-block-columns is-layout-flex wp-container-core-columns-is-layout-1 wp-block-columns-is-layout-flex\">\n<div class=\"wp-block-column is-vertically-aligned-top is-layout-flow wp-block-column-is-layout-flow\" style=\"flex-basis:4%\">\n<div class=\"wp-block-buttons is-horizontal is-content-justification-center is-layout-flex wp-container-core-buttons-is-layout-1 wp-block-buttons-is-layout-flex\">\n<div class=\"wp-block-button\"><a class=\"wp-block-button__link wp-element-button\" href=\"https:\/\/www.association-auburtin.fr\/index.php\/accueil\/sa-vie\/sa-vie-5\/\">&lt;<\/a><\/div>\n<\/div>\n<\/div>\n\n\n\n<div class=\"wp-block-column is-layout-flow wp-block-column-is-layout-flow\" style=\"flex-basis:92%\">\n<p><\/p>\n\n\n\n<figure class=\"wp-block-gallery alignwide has-nested-images columns-default is-cropped wp-block-gallery-1 is-layout-flex wp-block-gallery-is-layout-flex\">\n<figure class=\"wp-block-image size-large\"><img decoding=\"async\" src=\"https:\/\/www.association-auburtin.fr\/wp-content\/uploads\/2021\/01\/N24.jpg\" alt=\"symbolisme\"\/><\/figure>\n\n\n\n<figure class=\"wp-block-image size-full\"><img loading=\"lazy\" decoding=\"async\" width=\"2436\" height=\"1443\" src=\"https:\/\/www.association-auburtin.fr\/wp-content\/uploads\/2021\/01\/N22.jpg\" alt=\"symbolisme\" class=\"wp-image-116\" srcset=\"https:\/\/www.association-auburtin.fr\/wp-content\/uploads\/2021\/01\/N22.jpg 2436w, https:\/\/www.association-auburtin.fr\/wp-content\/uploads\/2021\/01\/N22-300x178.jpg 300w, https:\/\/www.association-auburtin.fr\/wp-content\/uploads\/2021\/01\/N22-1024x607.jpg 1024w, https:\/\/www.association-auburtin.fr\/wp-content\/uploads\/2021\/01\/N22-768x455.jpg 768w, https:\/\/www.association-auburtin.fr\/wp-content\/uploads\/2021\/01\/N22-1536x910.jpg 1536w, https:\/\/www.association-auburtin.fr\/wp-content\/uploads\/2021\/01\/N22-2048x1213.jpg 2048w, https:\/\/www.association-auburtin.fr\/wp-content\/uploads\/2021\/01\/N22-1200x711.jpg 1200w, https:\/\/www.association-auburtin.fr\/wp-content\/uploads\/2021\/01\/N22-1980x1173.jpg 1980w\" sizes=\"(max-width: 2436px) 100vw, 2436px\" \/><\/figure>\n<\/figure>\n\n\n\n<p><\/p>\n\n\n\n<p>Auburtin et sa femme passent les ann\u00e9es de guerre 14-18 entre leur retraite de Varengeville et le pays Basque. Le peintre expose \u00e0 Munich en 1914, aux Etats Unis, \u00e0 San Francisco et \u00e0 Buffalo en 1915, \u00e0 Chicago en 1919. Il re\u00e7oit une de ses derni\u00e8res commandes en Juillet 1914 pour d\u00e9corer le grand escalier du Conseil d\u2019Etat \u00e0 Paris \u00ab\u00a0Pers\u00e9e et Androm\u00e8de\u00a0\u00bb rest\u00e9 \u00e0 l&rsquo;\u00e9tat de projet. La commande est modifi\u00e9e au profit de la salle des colonnes qu\u2019il terminera en 1924.<\/p>\n\n\n\n<p class=\"has-text-align-center\">Le dernier d\u00e9cor est connu, c\u2019est un triptyque pour le si\u00e8ge social des Chargeurs R\u00e9unis \u00e0 Paris.<br>Jean-Francis Auburtin s\u2019\u00e9teint \u00e0 Dieppe le 22 Mai 1930. Il est enterr\u00e9 dans le petit cimeti\u00e8re marin de Varengeville.<\/p>\n<\/div>\n\n\n\n<div class=\"wp-block-column is-vertically-aligned-top is-layout-flow wp-block-column-is-layout-flow\" style=\"flex-basis:4%\">\n<div class=\"wp-block-buttons is-horizontal is-content-justification-center is-layout-flex wp-container-core-buttons-is-layout-2 wp-block-buttons-is-layout-flex\">\n<div class=\"wp-block-button\"><a class=\"wp-block-button__link wp-element-button\" href=\"https:\/\/www.association-auburtin.fr\/index.php\/accueil\/sa-vie\/sa-vie-7\/\">&gt;<\/a><\/div>\n<\/div>\n<\/div>\n<\/div>\n","protected":false},"excerpt":{"rendered":"<p>Auburtin et sa femme passent les ann\u00e9es de guerre 14-18 entre leur retraite de Varengeville et le pays Basque. Le peintre expose \u00e0 Munich en 1914, aux Etats Unis, \u00e0 San Francisco et \u00e0 Buffalo en 1915, \u00e0 Chicago en 1919. Il re\u00e7oit une de ses derni\u00e8res commandes en Juillet 1914 pour d\u00e9corer le grand [&hellip;]<\/p>\n","protected":false},"author":1,"featured_media":0,"parent":18,"menu_order":6,"comment_status":"closed","ping_status":"closed","template":"","meta":{"footnotes":""},"class_list":["post-983","page","type-page","status-publish","hentry"],"blocksy_meta":{"styles_descriptor":{"styles":{"desktop":"","tablet":"","mobile":""},"google_fonts":[],"version":6}},"yoast_head":"<!-- This site is optimized with the Yoast SEO plugin v23.6 - https:\/\/yoast.com\/wordpress\/plugins\/seo\/ -->\n<title>Sa vie 6 - Association Auburtin<\/title>\n<meta name=\"robots\" content=\"index, follow, max-snippet:-1, max-image-preview:large, max-video-preview:-1\" \/>\n<link rel=\"canonical\" href=\"https:\/\/www.association-auburtin.fr\/index.php\/accueil\/sa-vie\/sa-vie-6\/\" \/>\n<meta property=\"og:locale\" content=\"fr_FR\" \/>\n<meta property=\"og:type\" content=\"article\" \/>\n<meta property=\"og:title\" content=\"Sa vie 6 - Association Auburtin\" \/>\n<meta property=\"og:description\" content=\"Auburtin et sa femme passent les ann\u00e9es de guerre 14-18 entre leur retraite de Varengeville et le pays Basque. Le peintre expose \u00e0 Munich en 1914, aux Etats Unis, \u00e0 San Francisco et \u00e0 Buffalo en 1915, \u00e0 Chicago en 1919. Il re\u00e7oit une de ses derni\u00e8res commandes en Juillet 1914 pour d\u00e9corer le grand [&hellip;]\" \/>\n<meta property=\"og:url\" content=\"https:\/\/www.association-auburtin.fr\/index.php\/accueil\/sa-vie\/sa-vie-6\/\" \/>\n<meta property=\"og:site_name\" content=\"Association Auburtin\" \/>\n<meta property=\"article:modified_time\" content=\"2023-04-29T13:54:24+00:00\" \/>\n<meta property=\"og:image\" content=\"https:\/\/www.association-auburtin.fr\/wp-content\/uploads\/2021\/01\/N24.jpg\" \/>\n<meta name=\"twitter:card\" content=\"summary_large_image\" \/>\n<meta name=\"twitter:label1\" content=\"Dur\u00e9e de lecture estim\u00e9e\" \/>\n\t<meta name=\"twitter:data1\" content=\"1 minute\" \/>\n<script type=\"application\/ld+json\" class=\"yoast-schema-graph\">{\"@context\":\"https:\/\/schema.org\",\"@graph\":[{\"@type\":\"WebPage\",\"@id\":\"https:\/\/www.association-auburtin.fr\/index.php\/accueil\/sa-vie\/sa-vie-6\/\",\"url\":\"https:\/\/www.association-auburtin.fr\/index.php\/accueil\/sa-vie\/sa-vie-6\/\",\"name\":\"Sa vie 6 - Association Auburtin\",\"isPartOf\":{\"@id\":\"https:\/\/www.association-auburtin.fr\/#website\"},\"primaryImageOfPage\":{\"@id\":\"https:\/\/www.association-auburtin.fr\/index.php\/accueil\/sa-vie\/sa-vie-6\/#primaryimage\"},\"image\":{\"@id\":\"https:\/\/www.association-auburtin.fr\/index.php\/accueil\/sa-vie\/sa-vie-6\/#primaryimage\"},\"thumbnailUrl\":\"https:\/\/www.association-auburtin.fr\/wp-content\/uploads\/2021\/01\/N24.jpg\",\"datePublished\":\"2021-02-18T17:49:49+00:00\",\"dateModified\":\"2023-04-29T13:54:24+00:00\",\"breadcrumb\":{\"@id\":\"https:\/\/www.association-auburtin.fr\/index.php\/accueil\/sa-vie\/sa-vie-6\/#breadcrumb\"},\"inLanguage\":\"fr-FR\",\"potentialAction\":[{\"@type\":\"ReadAction\",\"target\":[\"https:\/\/www.association-auburtin.fr\/index.php\/accueil\/sa-vie\/sa-vie-6\/\"]}]},{\"@type\":\"ImageObject\",\"inLanguage\":\"fr-FR\",\"@id\":\"https:\/\/www.association-auburtin.fr\/index.php\/accueil\/sa-vie\/sa-vie-6\/#primaryimage\",\"url\":\"https:\/\/www.association-auburtin.fr\/wp-content\/uploads\/2021\/01\/N24.jpg\",\"contentUrl\":\"https:\/\/www.association-auburtin.fr\/wp-content\/uploads\/2021\/01\/N24.jpg\",\"width\":2532,\"height\":1620,\"caption\":\"Eglise de Varengeville au coucher du soleil\"},{\"@type\":\"BreadcrumbList\",\"@id\":\"https:\/\/www.association-auburtin.fr\/index.php\/accueil\/sa-vie\/sa-vie-6\/#breadcrumb\",\"itemListElement\":[{\"@type\":\"ListItem\",\"position\":1,\"name\":\"Accueil\",\"item\":\"https:\/\/www.association-auburtin.fr\/\"},{\"@type\":\"ListItem\",\"position\":2,\"name\":\"Jean Francis Auburtin (artiste peintre 1866 &#8211; 1930)\",\"item\":\"https:\/\/www.association-auburtin.fr\/\"},{\"@type\":\"ListItem\",\"position\":3,\"name\":\"Sa vie\",\"item\":\"https:\/\/www.association-auburtin.fr\/index.php\/accueil\/sa-vie\/\"},{\"@type\":\"ListItem\",\"position\":4,\"name\":\"Sa vie 6\"}]},{\"@type\":\"WebSite\",\"@id\":\"https:\/\/www.association-auburtin.fr\/#website\",\"url\":\"https:\/\/www.association-auburtin.fr\/\",\"name\":\"Association Auburtin\",\"description\":\"Les Amis et les Descendants de Jean Francis AUBURTIN\",\"publisher\":{\"@id\":\"https:\/\/www.association-auburtin.fr\/#organization\"},\"potentialAction\":[{\"@type\":\"SearchAction\",\"target\":{\"@type\":\"EntryPoint\",\"urlTemplate\":\"https:\/\/www.association-auburtin.fr\/?s={search_term_string}\"},\"query-input\":{\"@type\":\"PropertyValueSpecification\",\"valueRequired\":true,\"valueName\":\"search_term_string\"}}],\"inLanguage\":\"fr-FR\"},{\"@type\":\"Organization\",\"@id\":\"https:\/\/www.association-auburtin.fr\/#organization\",\"name\":\"Association Auburtin\",\"url\":\"https:\/\/www.association-auburtin.fr\/\",\"logo\":{\"@type\":\"ImageObject\",\"inLanguage\":\"fr-FR\",\"@id\":\"https:\/\/www.association-auburtin.fr\/#\/schema\/logo\/image\/\",\"url\":\"https:\/\/www.association-auburtin.fr\/wp-content\/uploads\/2021\/01\/logo-jfa-1.jpg\",\"contentUrl\":\"https:\/\/www.association-auburtin.fr\/wp-content\/uploads\/2021\/01\/logo-jfa-1.jpg\",\"width\":904,\"height\":855,\"caption\":\"Association Auburtin\"},\"image\":{\"@id\":\"https:\/\/www.association-auburtin.fr\/#\/schema\/logo\/image\/\"}}]}<\/script>\n<!-- \/ Yoast SEO plugin. -->","yoast_head_json":{"title":"Sa vie 6 - Association Auburtin","robots":{"index":"index","follow":"follow","max-snippet":"max-snippet:-1","max-image-preview":"max-image-preview:large","max-video-preview":"max-video-preview:-1"},"canonical":"https:\/\/www.association-auburtin.fr\/index.php\/accueil\/sa-vie\/sa-vie-6\/","og_locale":"fr_FR","og_type":"article","og_title":"Sa vie 6 - Association Auburtin","og_description":"Auburtin et sa femme passent les ann\u00e9es de guerre 14-18 entre leur retraite de Varengeville et le pays Basque. Le peintre expose \u00e0 Munich en 1914, aux Etats Unis, \u00e0 San Francisco et \u00e0 Buffalo en 1915, \u00e0 Chicago en 1919. Il re\u00e7oit une de ses derni\u00e8res commandes en Juillet 1914 pour d\u00e9corer le grand [&hellip;]","og_url":"https:\/\/www.association-auburtin.fr\/index.php\/accueil\/sa-vie\/sa-vie-6\/","og_site_name":"Association Auburtin","article_modified_time":"2023-04-29T13:54:24+00:00","og_image":[{"url":"https:\/\/www.association-auburtin.fr\/wp-content\/uploads\/2021\/01\/N24.jpg"}],"twitter_card":"summary_large_image","twitter_misc":{"Dur\u00e9e de lecture estim\u00e9e":"1 minute"},"schema":{"@context":"https:\/\/schema.org","@graph":[{"@type":"WebPage","@id":"https:\/\/www.association-auburtin.fr\/index.php\/accueil\/sa-vie\/sa-vie-6\/","url":"https:\/\/www.association-auburtin.fr\/index.php\/accueil\/sa-vie\/sa-vie-6\/","name":"Sa vie 6 - Association Auburtin","isPartOf":{"@id":"https:\/\/www.association-auburtin.fr\/#website"},"primaryImageOfPage":{"@id":"https:\/\/www.association-auburtin.fr\/index.php\/accueil\/sa-vie\/sa-vie-6\/#primaryimage"},"image":{"@id":"https:\/\/www.association-auburtin.fr\/index.php\/accueil\/sa-vie\/sa-vie-6\/#primaryimage"},"thumbnailUrl":"https:\/\/www.association-auburtin.fr\/wp-content\/uploads\/2021\/01\/N24.jpg","datePublished":"2021-02-18T17:49:49+00:00","dateModified":"2023-04-29T13:54:24+00:00","breadcrumb":{"@id":"https:\/\/www.association-auburtin.fr\/index.php\/accueil\/sa-vie\/sa-vie-6\/#breadcrumb"},"inLanguage":"fr-FR","potentialAction":[{"@type":"ReadAction","target":["https:\/\/www.association-auburtin.fr\/index.php\/accueil\/sa-vie\/sa-vie-6\/"]}]},{"@type":"ImageObject","inLanguage":"fr-FR","@id":"https:\/\/www.association-auburtin.fr\/index.php\/accueil\/sa-vie\/sa-vie-6\/#primaryimage","url":"https:\/\/www.association-auburtin.fr\/wp-content\/uploads\/2021\/01\/N24.jpg","contentUrl":"https:\/\/www.association-auburtin.fr\/wp-content\/uploads\/2021\/01\/N24.jpg","width":2532,"height":1620,"caption":"Eglise de Varengeville au coucher du soleil"},{"@type":"BreadcrumbList","@id":"https:\/\/www.association-auburtin.fr\/index.php\/accueil\/sa-vie\/sa-vie-6\/#breadcrumb","itemListElement":[{"@type":"ListItem","position":1,"name":"Accueil","item":"https:\/\/www.association-auburtin.fr\/"},{"@type":"ListItem","position":2,"name":"Jean Francis Auburtin (artiste peintre 1866 &#8211; 1930)","item":"https:\/\/www.association-auburtin.fr\/"},{"@type":"ListItem","position":3,"name":"Sa vie","item":"https:\/\/www.association-auburtin.fr\/index.php\/accueil\/sa-vie\/"},{"@type":"ListItem","position":4,"name":"Sa vie 6"}]},{"@type":"WebSite","@id":"https:\/\/www.association-auburtin.fr\/#website","url":"https:\/\/www.association-auburtin.fr\/","name":"Association Auburtin","description":"Les Amis et les Descendants de Jean Francis AUBURTIN","publisher":{"@id":"https:\/\/www.association-auburtin.fr\/#organization"},"potentialAction":[{"@type":"SearchAction","target":{"@type":"EntryPoint","urlTemplate":"https:\/\/www.association-auburtin.fr\/?s={search_term_string}"},"query-input":{"@type":"PropertyValueSpecification","valueRequired":true,"valueName":"search_term_string"}}],"inLanguage":"fr-FR"},{"@type":"Organization","@id":"https:\/\/www.association-auburtin.fr\/#organization","name":"Association Auburtin","url":"https:\/\/www.association-auburtin.fr\/","logo":{"@type":"ImageObject","inLanguage":"fr-FR","@id":"https:\/\/www.association-auburtin.fr\/#\/schema\/logo\/image\/","url":"https:\/\/www.association-auburtin.fr\/wp-content\/uploads\/2021\/01\/logo-jfa-1.jpg","contentUrl":"https:\/\/www.association-auburtin.fr\/wp-content\/uploads\/2021\/01\/logo-jfa-1.jpg","width":904,"height":855,"caption":"Association Auburtin"},"image":{"@id":"https:\/\/www.association-auburtin.fr\/#\/schema\/logo\/image\/"}}]}},"_links":{"self":[{"href":"https:\/\/www.association-auburtin.fr\/index.php\/wp-json\/wp\/v2\/pages\/983"}],"collection":[{"href":"https:\/\/www.association-auburtin.fr\/index.php\/wp-json\/wp\/v2\/pages"}],"about":[{"href":"https:\/\/www.association-auburtin.fr\/index.php\/wp-json\/wp\/v2\/types\/page"}],"author":[{"embeddable":true,"href":"https:\/\/www.association-auburtin.fr\/index.php\/wp-json\/wp\/v2\/users\/1"}],"replies":[{"embeddable":true,"href":"https:\/\/www.association-auburtin.fr\/index.php\/wp-json\/wp\/v2\/comments?post=983"}],"version-history":[{"count":33,"href":"https:\/\/www.association-auburtin.fr\/index.php\/wp-json\/wp\/v2\/pages\/983\/revisions"}],"predecessor-version":[{"id":2664,"href":"https:\/\/www.association-auburtin.fr\/index.php\/wp-json\/wp\/v2\/pages\/983\/revisions\/2664"}],"up":[{"embeddable":true,"href":"https:\/\/www.association-auburtin.fr\/index.php\/wp-json\/wp\/v2\/pages\/18"}],"wp:attachment":[{"href":"https:\/\/www.association-auburtin.fr\/index.php\/wp-json\/wp\/v2\/media?parent=983"}],"curies":[{"name":"wp","href":"https:\/\/api.w.org\/{rel}","templated":true}]}}