{"id":2184,"date":"2021-04-16T01:14:48","date_gmt":"2021-04-15T23:14:48","guid":{"rendered":"https:\/\/www.association-auburtin.fr\/?page_id=2184"},"modified":"2022-12-03T15:53:43","modified_gmt":"2022-12-03T14:53:43","slug":"bibliographie-5","status":"publish","type":"page","link":"https:\/\/www.association-auburtin.fr\/index.php\/bibliographie-5\/","title":{"rendered":"Bibliographie 5"},"content":{"rendered":"\n<p class=\"has-text-align-center\">Catalogues \u00e9dit\u00e9s \u00e0 l&rsquo;occasion des expositions<\/p>\n\n\n\n<div class=\"wp-block-columns is-layout-flex wp-container-core-columns-is-layout-1 wp-block-columns-is-layout-flex\">\n<div class=\"wp-block-column is-layout-flow wp-block-column-is-layout-flow\" style=\"flex-basis:4%\"><\/div>\n\n\n\n<div class=\"wp-block-column is-layout-flow wp-block-column-is-layout-flow\" style=\"flex-basis:92%\">\n<figure class=\"wp-block-gallery has-nested-images columns-default is-cropped wp-block-gallery-1 is-layout-flex wp-block-gallery-is-layout-flex\">\n<figure class=\"wp-block-image size-large\"><img loading=\"lazy\" decoding=\"async\" width=\"696\" height=\"1024\" src=\"https:\/\/www.association-auburtin.fr\/wp-content\/uploads\/2021\/04\/JFA-le-symboliste-de-la-mer-scaled1-696x1024.jpg\" alt=\"association\" class=\"wp-image-2002\" srcset=\"https:\/\/www.association-auburtin.fr\/wp-content\/uploads\/2021\/04\/JFA-le-symboliste-de-la-mer-scaled1-696x1024.jpg 696w, https:\/\/www.association-auburtin.fr\/wp-content\/uploads\/2021\/04\/JFA-le-symboliste-de-la-mer-scaled1-204x300.jpg 204w, https:\/\/www.association-auburtin.fr\/wp-content\/uploads\/2021\/04\/JFA-le-symboliste-de-la-mer-scaled1-768x1131.jpg 768w, https:\/\/www.association-auburtin.fr\/wp-content\/uploads\/2021\/04\/JFA-le-symboliste-de-la-mer-scaled1-1043x1536.jpg 1043w, https:\/\/www.association-auburtin.fr\/wp-content\/uploads\/2021\/04\/JFA-le-symboliste-de-la-mer-scaled1-1391x2048.jpg 1391w, https:\/\/www.association-auburtin.fr\/wp-content\/uploads\/2021\/04\/JFA-le-symboliste-de-la-mer-scaled1.jpg 1739w\" sizes=\"(max-width: 696px) 100vw, 696px\" \/><\/figure>\n\n\n\n<figure class=\"wp-block-image size-large\"><img loading=\"lazy\" decoding=\"async\" width=\"690\" height=\"1024\" src=\"https:\/\/www.association-auburtin.fr\/wp-content\/uploads\/2021\/04\/Au-fil-du-Trieux-scaled1-690x1024.jpg\" alt=\"association\" class=\"wp-image-2001\" srcset=\"https:\/\/www.association-auburtin.fr\/wp-content\/uploads\/2021\/04\/Au-fil-du-Trieux-scaled1-690x1024.jpg 690w, https:\/\/www.association-auburtin.fr\/wp-content\/uploads\/2021\/04\/Au-fil-du-Trieux-scaled1-202x300.jpg 202w, https:\/\/www.association-auburtin.fr\/wp-content\/uploads\/2021\/04\/Au-fil-du-Trieux-scaled1-768x1140.jpg 768w, https:\/\/www.association-auburtin.fr\/wp-content\/uploads\/2021\/04\/Au-fil-du-Trieux-scaled1-1035x1536.jpg 1035w, https:\/\/www.association-auburtin.fr\/wp-content\/uploads\/2021\/04\/Au-fil-du-Trieux-scaled1-1380x2048.jpg 1380w, https:\/\/www.association-auburtin.fr\/wp-content\/uploads\/2021\/04\/Au-fil-du-Trieux-scaled1.jpg 1725w\" sizes=\"(max-width: 690px) 100vw, 690px\" \/><\/figure>\n\n\n\n<figure class=\"wp-block-image size-large\"><img loading=\"lazy\" decoding=\"async\" width=\"1024\" height=\"701\" src=\"https:\/\/www.association-auburtin.fr\/wp-content\/uploads\/2021\/04\/Pont-Aven-JFA-scaled1-1024x701.jpg\" alt=\"association\" class=\"wp-image-2000\" srcset=\"https:\/\/www.association-auburtin.fr\/wp-content\/uploads\/2021\/04\/Pont-Aven-JFA-scaled1-1024x701.jpg 1024w, https:\/\/www.association-auburtin.fr\/wp-content\/uploads\/2021\/04\/Pont-Aven-JFA-scaled1-300x205.jpg 300w, https:\/\/www.association-auburtin.fr\/wp-content\/uploads\/2021\/04\/Pont-Aven-JFA-scaled1-768x526.jpg 768w, https:\/\/www.association-auburtin.fr\/wp-content\/uploads\/2021\/04\/Pont-Aven-JFA-scaled1-1536x1052.jpg 1536w, https:\/\/www.association-auburtin.fr\/wp-content\/uploads\/2021\/04\/Pont-Aven-JFA-scaled1-2048x1402.jpg 2048w\" sizes=\"(max-width: 1024px) 100vw, 1024px\" \/><\/figure>\n\n\n\n<figure class=\"wp-block-image size-full\"><img loading=\"lazy\" decoding=\"async\" width=\"330\" height=\"368\" src=\"https:\/\/www.association-auburtin.fr\/wp-content\/uploads\/2022\/03\/une-exposition-JF-Auburtin-au-musee-de-Lodeve-e1648241278541.png\" alt=\"\" class=\"wp-image-2511\" srcset=\"https:\/\/www.association-auburtin.fr\/wp-content\/uploads\/2022\/03\/une-exposition-JF-Auburtin-au-musee-de-Lodeve-e1648241278541.png 330w, https:\/\/www.association-auburtin.fr\/wp-content\/uploads\/2022\/03\/une-exposition-JF-Auburtin-au-musee-de-Lodeve-e1648241278541-269x300.png 269w\" sizes=\"(max-width: 330px) 100vw, 330px\" \/><\/figure>\n\n\n\n<figure class=\"wp-block-image size-full\"><img loading=\"lazy\" decoding=\"async\" width=\"200\" height=\"297\" src=\"https:\/\/www.association-auburtin.fr\/wp-content\/uploads\/2022\/12\/3a6ccac22b390f2e4cf75732d3009bd3-1.jpg\" alt=\"\" class=\"wp-image-2544\"\/><\/figure>\n\n\n\n<figure class=\"wp-block-image size-large\"><img loading=\"lazy\" decoding=\"async\" width=\"851\" height=\"1024\" src=\"https:\/\/www.association-auburtin.fr\/wp-content\/uploads\/2022\/12\/livre_duvivier-851x1024.png\" alt=\"\" class=\"wp-image-2528\" srcset=\"https:\/\/www.association-auburtin.fr\/wp-content\/uploads\/2022\/12\/livre_duvivier-851x1024.png 851w, https:\/\/www.association-auburtin.fr\/wp-content\/uploads\/2022\/12\/livre_duvivier-249x300.png 249w, https:\/\/www.association-auburtin.fr\/wp-content\/uploads\/2022\/12\/livre_duvivier-768x924.png 768w, https:\/\/www.association-auburtin.fr\/wp-content\/uploads\/2022\/12\/livre_duvivier-1277x1536.png 1277w, https:\/\/www.association-auburtin.fr\/wp-content\/uploads\/2022\/12\/livre_duvivier.png 1500w\" sizes=\"(max-width: 851px) 100vw, 851px\" \/><\/figure>\n<\/figure>\n<\/div>\n\n\n\n<div class=\"wp-block-column is-layout-flow wp-block-column-is-layout-flow\" style=\"flex-basis:4%\"><\/div>\n<\/div>\n","protected":false},"excerpt":{"rendered":"<p>Catalogues \u00e9dit\u00e9s \u00e0 l&rsquo;occasion des expositions<\/p>\n","protected":false},"author":1,"featured_media":0,"parent":0,"menu_order":0,"comment_status":"closed","ping_status":"closed","template":"","meta":{"footnotes":""},"class_list":["post-2184","page","type-page","status-publish","hentry"],"blocksy_meta":{"styles_descriptor":{"styles":{"desktop":"","tablet":"","mobile":""},"google_fonts":[],"version":6}},"yoast_head":"<!-- This site is optimized with the Yoast SEO plugin v23.6 - https:\/\/yoast.com\/wordpress\/plugins\/seo\/ -->\n<title>Bibliographie 5 - Association Auburtin<\/title>\n<meta name=\"robots\" content=\"index, follow, max-snippet:-1, max-image-preview:large, max-video-preview:-1\" \/>\n<link rel=\"canonical\" href=\"https:\/\/www.association-auburtin.fr\/index.php\/bibliographie-5\/\" \/>\n<meta property=\"og:locale\" content=\"fr_FR\" \/>\n<meta property=\"og:type\" content=\"article\" \/>\n<meta property=\"og:title\" content=\"Bibliographie 5 - Association Auburtin\" \/>\n<meta property=\"og:description\" content=\"Catalogues \u00e9dit\u00e9s \u00e0 l&rsquo;occasion des expositions\" \/>\n<meta property=\"og:url\" content=\"https:\/\/www.association-auburtin.fr\/index.php\/bibliographie-5\/\" \/>\n<meta property=\"og:site_name\" content=\"Association Auburtin\" \/>\n<meta property=\"article:modified_time\" content=\"2022-12-03T14:53:43+00:00\" \/>\n<meta property=\"og:image\" content=\"https:\/\/www.association-auburtin.fr\/wp-content\/uploads\/2021\/04\/JFA-le-symboliste-de-la-mer-scaled1-696x1024.jpg\" \/>\n<meta name=\"twitter:card\" content=\"summary_large_image\" \/>\n<meta name=\"twitter:label1\" content=\"Dur\u00e9e de lecture estim\u00e9e\" \/>\n\t<meta name=\"twitter:data1\" content=\"2 minutes\" \/>\n<script type=\"application\/ld+json\" class=\"yoast-schema-graph\">{\"@context\":\"https:\/\/schema.org\",\"@graph\":[{\"@type\":\"WebPage\",\"@id\":\"https:\/\/www.association-auburtin.fr\/index.php\/bibliographie-5\/\",\"url\":\"https:\/\/www.association-auburtin.fr\/index.php\/bibliographie-5\/\",\"name\":\"Bibliographie 5 - Association Auburtin\",\"isPartOf\":{\"@id\":\"https:\/\/www.association-auburtin.fr\/#website\"},\"primaryImageOfPage\":{\"@id\":\"https:\/\/www.association-auburtin.fr\/index.php\/bibliographie-5\/#primaryimage\"},\"image\":{\"@id\":\"https:\/\/www.association-auburtin.fr\/index.php\/bibliographie-5\/#primaryimage\"},\"thumbnailUrl\":\"https:\/\/www.association-auburtin.fr\/wp-content\/uploads\/2021\/04\/JFA-le-symboliste-de-la-mer-scaled1-696x1024.jpg\",\"datePublished\":\"2021-04-15T23:14:48+00:00\",\"dateModified\":\"2022-12-03T14:53:43+00:00\",\"breadcrumb\":{\"@id\":\"https:\/\/www.association-auburtin.fr\/index.php\/bibliographie-5\/#breadcrumb\"},\"inLanguage\":\"fr-FR\",\"potentialAction\":[{\"@type\":\"ReadAction\",\"target\":[\"https:\/\/www.association-auburtin.fr\/index.php\/bibliographie-5\/\"]}]},{\"@type\":\"ImageObject\",\"inLanguage\":\"fr-FR\",\"@id\":\"https:\/\/www.association-auburtin.fr\/index.php\/bibliographie-5\/#primaryimage\",\"url\":\"https:\/\/www.association-auburtin.fr\/wp-content\/uploads\/2021\/04\/JFA-le-symboliste-de-la-mer-scaled1.jpg\",\"contentUrl\":\"https:\/\/www.association-auburtin.fr\/wp-content\/uploads\/2021\/04\/JFA-le-symboliste-de-la-mer-scaled1.jpg\",\"width\":1739,\"height\":2560,\"caption\":\"association\"},{\"@type\":\"BreadcrumbList\",\"@id\":\"https:\/\/www.association-auburtin.fr\/index.php\/bibliographie-5\/#breadcrumb\",\"itemListElement\":[{\"@type\":\"ListItem\",\"position\":1,\"name\":\"Accueil\",\"item\":\"https:\/\/www.association-auburtin.fr\/\"},{\"@type\":\"ListItem\",\"position\":2,\"name\":\"Bibliographie 5\"}]},{\"@type\":\"WebSite\",\"@id\":\"https:\/\/www.association-auburtin.fr\/#website\",\"url\":\"https:\/\/www.association-auburtin.fr\/\",\"name\":\"Association Auburtin\",\"description\":\"Les Amis et les Descendants de Jean Francis AUBURTIN\",\"publisher\":{\"@id\":\"https:\/\/www.association-auburtin.fr\/#organization\"},\"potentialAction\":[{\"@type\":\"SearchAction\",\"target\":{\"@type\":\"EntryPoint\",\"urlTemplate\":\"https:\/\/www.association-auburtin.fr\/?s={search_term_string}\"},\"query-input\":{\"@type\":\"PropertyValueSpecification\",\"valueRequired\":true,\"valueName\":\"search_term_string\"}}],\"inLanguage\":\"fr-FR\"},{\"@type\":\"Organization\",\"@id\":\"https:\/\/www.association-auburtin.fr\/#organization\",\"name\":\"Association Auburtin\",\"url\":\"https:\/\/www.association-auburtin.fr\/\",\"logo\":{\"@type\":\"ImageObject\",\"inLanguage\":\"fr-FR\",\"@id\":\"https:\/\/www.association-auburtin.fr\/#\/schema\/logo\/image\/\",\"url\":\"https:\/\/www.association-auburtin.fr\/wp-content\/uploads\/2021\/01\/logo-jfa-1.jpg\",\"contentUrl\":\"https:\/\/www.association-auburtin.fr\/wp-content\/uploads\/2021\/01\/logo-jfa-1.jpg\",\"width\":904,\"height\":855,\"caption\":\"Association Auburtin\"},\"image\":{\"@id\":\"https:\/\/www.association-auburtin.fr\/#\/schema\/logo\/image\/\"}}]}<\/script>\n<!-- \/ Yoast SEO plugin. -->","yoast_head_json":{"title":"Bibliographie 5 - Association Auburtin","robots":{"index":"index","follow":"follow","max-snippet":"max-snippet:-1","max-image-preview":"max-image-preview:large","max-video-preview":"max-video-preview:-1"},"canonical":"https:\/\/www.association-auburtin.fr\/index.php\/bibliographie-5\/","og_locale":"fr_FR","og_type":"article","og_title":"Bibliographie 5 - Association Auburtin","og_description":"Catalogues \u00e9dit\u00e9s \u00e0 l&rsquo;occasion des expositions","og_url":"https:\/\/www.association-auburtin.fr\/index.php\/bibliographie-5\/","og_site_name":"Association Auburtin","article_modified_time":"2022-12-03T14:53:43+00:00","og_image":[{"url":"https:\/\/www.association-auburtin.fr\/wp-content\/uploads\/2021\/04\/JFA-le-symboliste-de-la-mer-scaled1-696x1024.jpg"}],"twitter_card":"summary_large_image","twitter_misc":{"Dur\u00e9e de lecture estim\u00e9e":"2 minutes"},"schema":{"@context":"https:\/\/schema.org","@graph":[{"@type":"WebPage","@id":"https:\/\/www.association-auburtin.fr\/index.php\/bibliographie-5\/","url":"https:\/\/www.association-auburtin.fr\/index.php\/bibliographie-5\/","name":"Bibliographie 5 - Association Auburtin","isPartOf":{"@id":"https:\/\/www.association-auburtin.fr\/#website"},"primaryImageOfPage":{"@id":"https:\/\/www.association-auburtin.fr\/index.php\/bibliographie-5\/#primaryimage"},"image":{"@id":"https:\/\/www.association-auburtin.fr\/index.php\/bibliographie-5\/#primaryimage"},"thumbnailUrl":"https:\/\/www.association-auburtin.fr\/wp-content\/uploads\/2021\/04\/JFA-le-symboliste-de-la-mer-scaled1-696x1024.jpg","datePublished":"2021-04-15T23:14:48+00:00","dateModified":"2022-12-03T14:53:43+00:00","breadcrumb":{"@id":"https:\/\/www.association-auburtin.fr\/index.php\/bibliographie-5\/#breadcrumb"},"inLanguage":"fr-FR","potentialAction":[{"@type":"ReadAction","target":["https:\/\/www.association-auburtin.fr\/index.php\/bibliographie-5\/"]}]},{"@type":"ImageObject","inLanguage":"fr-FR","@id":"https:\/\/www.association-auburtin.fr\/index.php\/bibliographie-5\/#primaryimage","url":"https:\/\/www.association-auburtin.fr\/wp-content\/uploads\/2021\/04\/JFA-le-symboliste-de-la-mer-scaled1.jpg","contentUrl":"https:\/\/www.association-auburtin.fr\/wp-content\/uploads\/2021\/04\/JFA-le-symboliste-de-la-mer-scaled1.jpg","width":1739,"height":2560,"caption":"association"},{"@type":"BreadcrumbList","@id":"https:\/\/www.association-auburtin.fr\/index.php\/bibliographie-5\/#breadcrumb","itemListElement":[{"@type":"ListItem","position":1,"name":"Accueil","item":"https:\/\/www.association-auburtin.fr\/"},{"@type":"ListItem","position":2,"name":"Bibliographie 5"}]},{"@type":"WebSite","@id":"https:\/\/www.association-auburtin.fr\/#website","url":"https:\/\/www.association-auburtin.fr\/","name":"Association Auburtin","description":"Les Amis et les Descendants de Jean Francis AUBURTIN","publisher":{"@id":"https:\/\/www.association-auburtin.fr\/#organization"},"potentialAction":[{"@type":"SearchAction","target":{"@type":"EntryPoint","urlTemplate":"https:\/\/www.association-auburtin.fr\/?s={search_term_string}"},"query-input":{"@type":"PropertyValueSpecification","valueRequired":true,"valueName":"search_term_string"}}],"inLanguage":"fr-FR"},{"@type":"Organization","@id":"https:\/\/www.association-auburtin.fr\/#organization","name":"Association Auburtin","url":"https:\/\/www.association-auburtin.fr\/","logo":{"@type":"ImageObject","inLanguage":"fr-FR","@id":"https:\/\/www.association-auburtin.fr\/#\/schema\/logo\/image\/","url":"https:\/\/www.association-auburtin.fr\/wp-content\/uploads\/2021\/01\/logo-jfa-1.jpg","contentUrl":"https:\/\/www.association-auburtin.fr\/wp-content\/uploads\/2021\/01\/logo-jfa-1.jpg","width":904,"height":855,"caption":"Association Auburtin"},"image":{"@id":"https:\/\/www.association-auburtin.fr\/#\/schema\/logo\/image\/"}}]}},"_links":{"self":[{"href":"https:\/\/www.association-auburtin.fr\/index.php\/wp-json\/wp\/v2\/pages\/2184"}],"collection":[{"href":"https:\/\/www.association-auburtin.fr\/index.php\/wp-json\/wp\/v2\/pages"}],"about":[{"href":"https:\/\/www.association-auburtin.fr\/index.php\/wp-json\/wp\/v2\/types\/page"}],"author":[{"embeddable":true,"href":"https:\/\/www.association-auburtin.fr\/index.php\/wp-json\/wp\/v2\/users\/1"}],"replies":[{"embeddable":true,"href":"https:\/\/www.association-auburtin.fr\/index.php\/wp-json\/wp\/v2\/comments?post=2184"}],"version-history":[{"count":6,"href":"https:\/\/www.association-auburtin.fr\/index.php\/wp-json\/wp\/v2\/pages\/2184\/revisions"}],"predecessor-version":[{"id":2545,"href":"https:\/\/www.association-auburtin.fr\/index.php\/wp-json\/wp\/v2\/pages\/2184\/revisions\/2545"}],"wp:attachment":[{"href":"https:\/\/www.association-auburtin.fr\/index.php\/wp-json\/wp\/v2\/media?parent=2184"}],"curies":[{"name":"wp","href":"https:\/\/api.w.org\/{rel}","templated":true}]}}