{"id":1136,"date":"2021-02-26T21:52:11","date_gmt":"2021-02-26T20:52:11","guid":{"rendered":"https:\/\/www.association-auburtin.fr\/?page_id=1136"},"modified":"2024-02-05T11:05:20","modified_gmt":"2024-02-05T10:05:20","slug":"bibliographie-4","status":"publish","type":"page","link":"https:\/\/www.association-auburtin.fr\/index.php\/accueil\/bibliographie\/bibliographie-4\/","title":{"rendered":"Bibliographie 4"},"content":{"rendered":"\n<div class=\"wp-block-columns is-layout-flex wp-container-core-columns-is-layout-1 wp-block-columns-is-layout-flex\">\n<div class=\"wp-block-column is-layout-flow wp-block-column-is-layout-flow\" style=\"flex-basis:4%\">\n<div class=\"wp-block-buttons is-horizontal is-content-justification-center is-layout-flex wp-container-core-buttons-is-layout-1 wp-block-buttons-is-layout-flex\">\n<div class=\"wp-block-button\"><a class=\"wp-block-button__link wp-element-button\" href=\"https:\/\/www.association-auburtin.fr\/index.php\/accueil\/bibliographie\/bibliographie-3\/\">&lt;<\/a><\/div>\n<\/div>\n<\/div>\n\n\n\n<div class=\"wp-block-column is-layout-flow wp-block-column-is-layout-flow\" style=\"flex-basis:92%\">\n<p>Mus\u00e9es, monuments<\/p>\n\n\n\n<ul class=\"wp-block-list\">\n<li>Mus\u00e9e du Louvre, d\u00e9partement des arts graphiques : \u00ab\u00a0Vue de l&rsquo;\u00eele de Ma\u00efre\u00a0\u00bb, \u00ab\u00a0Etude d&rsquo;une daurade, Saint-Pierre\u00a0\u00bb<\/li>\n\n\n\n<li>Mus\u00e9um d&rsquo;histoire naturelle de Marseille : \u00ab\u00a0La Calanque\u00a0\u00bb, \u00ab\u00a0La p\u00eache au gangui\u00a0\u00bb<\/li>\n\n\n\n<li>Mus\u00e9e d&rsquo;Orsay : \u00ab\u00a0Orph\u00e9e\u00a0\u00bb, \u00ab\u00a0Les Nymphes, La for\u00eat et la mer\u00a0\u00bb<\/li>\n\n\n\n<li>Mus\u00e9e des Beaux-Arts de Pau, Pyr\u00e9n\u00e9es-Atlantiques : \u00ab\u00a0Le Soir Iles de Porquerolles\u00a0\u00bb<\/li>\n\n\n\n<li>Mus\u00e9e des Beaux-Arts Andr\u00e9 Malraux au Havre, Seine-Maritime : \u00ab\u00a0La Plage \u00e0 Pourville\u00a0\u00bb, \u00ab\u00a0Pins au bord de la mer\u00a0\u00bb, \u00ab\u00a0La cabane du douanier \u00e0 Varengeville\u00a0\u00bb, ainsi qu&rsquo;une vingtaine d&rsquo;\u00e9tudes sur papier<\/li>\n\n\n\n<li>Mus\u00e9e des Beaux-arts de Morlaix : \u00ab\u00a0Le soir\u00a0\u00bb, \u00ab\u00a0Goulphar reflets jaunes\u00a0\u00bb, \u00ab\u00a0Goulphar belle \u00eele en mer\u00a0\u00bb<\/li>\n\n\n\n<li>Mus\u00e9e des Beaux-Arts de Rouen : trois huiles sur toile dont une version de \u00ab\u00a0La for\u00eat et la mer\u00a0\u00bb 1907 et six \u0153uvres sur papier<\/li>\n\n\n\n<li>Mus\u00e9e de Beauvais : \u00ab\u00a0Pins maritimes Porquerolles\u00a0\u00bb<\/li>\n\n\n\n<li>D\u00e9p\u00f4t des \u0153uvres d&rsquo;Art de la Ville de Paris : \u00ab\u00a0Le fond de la mer\u00a0\u00bb d\u00e9pos\u00e9 de l&rsquo;amphith\u00e9\u00e2tre de zoologie de la Sorbonne<\/li>\n\n\n\n<li>Mus\u00e9e Senlecq l&rsquo;Isle Adam, Val d&rsquo;Oise : \u00ab\u00a0Trois jeunes filles nues sur une plage\u00a0\u00bb<\/li>\n\n\n\n<li>Mus\u00e9e d&rsquo;art et d&rsquo;histoire de Meudon, Hauts-de-Seine : \u00ab\u00a0Erquy\u00a0\u00bb<\/li>\n\n\n\n<li>Mus\u00e9e Faure, Aix les bains : \u00ab\u00a0Lac du Bourget\u00a0\u00bb 1898<\/li>\n\n\n\n<li>Mus\u00e9e des Douaniers \u00e0 Bordeaux : \u00ab\u00a0La cabane du douanier\u00a0\u00bb<\/li>\n\n\n\n<li>Mus\u00e9e des Impressionnismes de Giverny : \u00ab\u00a0Rayons jaunes aux falaises de Mordal\u00a0\u00bb, \u00ab\u00a0Les p\u00eacheries falaises de Pourville\u00a0\u00bb, ainsi que trois paysages sur les falaises de Dieppe<\/li>\n<\/ul>\n<\/div>\n\n\n\n<div class=\"wp-block-column is-layout-flow wp-block-column-is-layout-flow\" style=\"flex-basis:4%\">\n<div class=\"wp-block-buttons is-horizontal is-content-justification-center is-layout-flex wp-container-core-buttons-is-layout-2 wp-block-buttons-is-layout-flex\">\n<div class=\"wp-block-button\"><a class=\"wp-block-button__link wp-element-button\" href=\"https:\/\/www.association-auburtin.fr\/index.php\/accueil\/bibliographie\/bibliographie-5\/\">&gt;<\/a><\/div>\n<\/div>\n<\/div>\n<\/div>\n","protected":false},"excerpt":{"rendered":"<p>Mus\u00e9es, monuments<\/p>\n","protected":false},"author":1,"featured_media":0,"parent":1050,"menu_order":4,"comment_status":"closed","ping_status":"closed","template":"","meta":{"footnotes":""},"class_list":["post-1136","page","type-page","status-publish","hentry"],"blocksy_meta":{"styles_descriptor":{"styles":{"desktop":"","tablet":"","mobile":""},"google_fonts":[],"version":6}},"yoast_head":"<!-- This site is optimized with the Yoast SEO plugin v23.6 - https:\/\/yoast.com\/wordpress\/plugins\/seo\/ -->\n<title>Bibliographie 4 - Association Auburtin<\/title>\n<meta name=\"robots\" content=\"index, follow, max-snippet:-1, max-image-preview:large, max-video-preview:-1\" \/>\n<link rel=\"canonical\" href=\"https:\/\/www.association-auburtin.fr\/index.php\/accueil\/bibliographie\/bibliographie-4\/\" \/>\n<meta property=\"og:locale\" content=\"fr_FR\" \/>\n<meta property=\"og:type\" content=\"article\" \/>\n<meta property=\"og:title\" content=\"Bibliographie 4 - Association Auburtin\" \/>\n<meta property=\"og:description\" content=\"Mus\u00e9es, monuments\" \/>\n<meta property=\"og:url\" content=\"https:\/\/www.association-auburtin.fr\/index.php\/accueil\/bibliographie\/bibliographie-4\/\" \/>\n<meta property=\"og:site_name\" content=\"Association Auburtin\" \/>\n<meta property=\"article:modified_time\" content=\"2024-02-05T10:05:20+00:00\" \/>\n<meta name=\"twitter:card\" content=\"summary_large_image\" \/>\n<meta name=\"twitter:label1\" content=\"Dur\u00e9e de lecture estim\u00e9e\" \/>\n\t<meta name=\"twitter:data1\" content=\"2 minutes\" \/>\n<script type=\"application\/ld+json\" class=\"yoast-schema-graph\">{\"@context\":\"https:\/\/schema.org\",\"@graph\":[{\"@type\":\"WebPage\",\"@id\":\"https:\/\/www.association-auburtin.fr\/index.php\/accueil\/bibliographie\/bibliographie-4\/\",\"url\":\"https:\/\/www.association-auburtin.fr\/index.php\/accueil\/bibliographie\/bibliographie-4\/\",\"name\":\"Bibliographie 4 - Association Auburtin\",\"isPartOf\":{\"@id\":\"https:\/\/www.association-auburtin.fr\/#website\"},\"datePublished\":\"2021-02-26T20:52:11+00:00\",\"dateModified\":\"2024-02-05T10:05:20+00:00\",\"breadcrumb\":{\"@id\":\"https:\/\/www.association-auburtin.fr\/index.php\/accueil\/bibliographie\/bibliographie-4\/#breadcrumb\"},\"inLanguage\":\"fr-FR\",\"potentialAction\":[{\"@type\":\"ReadAction\",\"target\":[\"https:\/\/www.association-auburtin.fr\/index.php\/accueil\/bibliographie\/bibliographie-4\/\"]}]},{\"@type\":\"BreadcrumbList\",\"@id\":\"https:\/\/www.association-auburtin.fr\/index.php\/accueil\/bibliographie\/bibliographie-4\/#breadcrumb\",\"itemListElement\":[{\"@type\":\"ListItem\",\"position\":1,\"name\":\"Accueil\",\"item\":\"https:\/\/www.association-auburtin.fr\/\"},{\"@type\":\"ListItem\",\"position\":2,\"name\":\"Jean Francis Auburtin (artiste peintre 1866 &#8211; 1930)\",\"item\":\"https:\/\/www.association-auburtin.fr\/\"},{\"@type\":\"ListItem\",\"position\":3,\"name\":\"Bibliographie\",\"item\":\"https:\/\/www.association-auburtin.fr\/index.php\/accueil\/bibliographie\/\"},{\"@type\":\"ListItem\",\"position\":4,\"name\":\"Bibliographie 4\"}]},{\"@type\":\"WebSite\",\"@id\":\"https:\/\/www.association-auburtin.fr\/#website\",\"url\":\"https:\/\/www.association-auburtin.fr\/\",\"name\":\"Association Auburtin\",\"description\":\"Les Amis et les Descendants de Jean Francis AUBURTIN\",\"publisher\":{\"@id\":\"https:\/\/www.association-auburtin.fr\/#organization\"},\"potentialAction\":[{\"@type\":\"SearchAction\",\"target\":{\"@type\":\"EntryPoint\",\"urlTemplate\":\"https:\/\/www.association-auburtin.fr\/?s={search_term_string}\"},\"query-input\":{\"@type\":\"PropertyValueSpecification\",\"valueRequired\":true,\"valueName\":\"search_term_string\"}}],\"inLanguage\":\"fr-FR\"},{\"@type\":\"Organization\",\"@id\":\"https:\/\/www.association-auburtin.fr\/#organization\",\"name\":\"Association Auburtin\",\"url\":\"https:\/\/www.association-auburtin.fr\/\",\"logo\":{\"@type\":\"ImageObject\",\"inLanguage\":\"fr-FR\",\"@id\":\"https:\/\/www.association-auburtin.fr\/#\/schema\/logo\/image\/\",\"url\":\"https:\/\/www.association-auburtin.fr\/wp-content\/uploads\/2021\/01\/logo-jfa-1.jpg\",\"contentUrl\":\"https:\/\/www.association-auburtin.fr\/wp-content\/uploads\/2021\/01\/logo-jfa-1.jpg\",\"width\":904,\"height\":855,\"caption\":\"Association Auburtin\"},\"image\":{\"@id\":\"https:\/\/www.association-auburtin.fr\/#\/schema\/logo\/image\/\"}}]}<\/script>\n<!-- \/ Yoast SEO plugin. -->","yoast_head_json":{"title":"Bibliographie 4 - Association Auburtin","robots":{"index":"index","follow":"follow","max-snippet":"max-snippet:-1","max-image-preview":"max-image-preview:large","max-video-preview":"max-video-preview:-1"},"canonical":"https:\/\/www.association-auburtin.fr\/index.php\/accueil\/bibliographie\/bibliographie-4\/","og_locale":"fr_FR","og_type":"article","og_title":"Bibliographie 4 - Association Auburtin","og_description":"Mus\u00e9es, monuments","og_url":"https:\/\/www.association-auburtin.fr\/index.php\/accueil\/bibliographie\/bibliographie-4\/","og_site_name":"Association Auburtin","article_modified_time":"2024-02-05T10:05:20+00:00","twitter_card":"summary_large_image","twitter_misc":{"Dur\u00e9e de lecture estim\u00e9e":"2 minutes"},"schema":{"@context":"https:\/\/schema.org","@graph":[{"@type":"WebPage","@id":"https:\/\/www.association-auburtin.fr\/index.php\/accueil\/bibliographie\/bibliographie-4\/","url":"https:\/\/www.association-auburtin.fr\/index.php\/accueil\/bibliographie\/bibliographie-4\/","name":"Bibliographie 4 - Association Auburtin","isPartOf":{"@id":"https:\/\/www.association-auburtin.fr\/#website"},"datePublished":"2021-02-26T20:52:11+00:00","dateModified":"2024-02-05T10:05:20+00:00","breadcrumb":{"@id":"https:\/\/www.association-auburtin.fr\/index.php\/accueil\/bibliographie\/bibliographie-4\/#breadcrumb"},"inLanguage":"fr-FR","potentialAction":[{"@type":"ReadAction","target":["https:\/\/www.association-auburtin.fr\/index.php\/accueil\/bibliographie\/bibliographie-4\/"]}]},{"@type":"BreadcrumbList","@id":"https:\/\/www.association-auburtin.fr\/index.php\/accueil\/bibliographie\/bibliographie-4\/#breadcrumb","itemListElement":[{"@type":"ListItem","position":1,"name":"Accueil","item":"https:\/\/www.association-auburtin.fr\/"},{"@type":"ListItem","position":2,"name":"Jean Francis Auburtin (artiste peintre 1866 &#8211; 1930)","item":"https:\/\/www.association-auburtin.fr\/"},{"@type":"ListItem","position":3,"name":"Bibliographie","item":"https:\/\/www.association-auburtin.fr\/index.php\/accueil\/bibliographie\/"},{"@type":"ListItem","position":4,"name":"Bibliographie 4"}]},{"@type":"WebSite","@id":"https:\/\/www.association-auburtin.fr\/#website","url":"https:\/\/www.association-auburtin.fr\/","name":"Association Auburtin","description":"Les Amis et les Descendants de Jean Francis AUBURTIN","publisher":{"@id":"https:\/\/www.association-auburtin.fr\/#organization"},"potentialAction":[{"@type":"SearchAction","target":{"@type":"EntryPoint","urlTemplate":"https:\/\/www.association-auburtin.fr\/?s={search_term_string}"},"query-input":{"@type":"PropertyValueSpecification","valueRequired":true,"valueName":"search_term_string"}}],"inLanguage":"fr-FR"},{"@type":"Organization","@id":"https:\/\/www.association-auburtin.fr\/#organization","name":"Association Auburtin","url":"https:\/\/www.association-auburtin.fr\/","logo":{"@type":"ImageObject","inLanguage":"fr-FR","@id":"https:\/\/www.association-auburtin.fr\/#\/schema\/logo\/image\/","url":"https:\/\/www.association-auburtin.fr\/wp-content\/uploads\/2021\/01\/logo-jfa-1.jpg","contentUrl":"https:\/\/www.association-auburtin.fr\/wp-content\/uploads\/2021\/01\/logo-jfa-1.jpg","width":904,"height":855,"caption":"Association Auburtin"},"image":{"@id":"https:\/\/www.association-auburtin.fr\/#\/schema\/logo\/image\/"}}]}},"_links":{"self":[{"href":"https:\/\/www.association-auburtin.fr\/index.php\/wp-json\/wp\/v2\/pages\/1136"}],"collection":[{"href":"https:\/\/www.association-auburtin.fr\/index.php\/wp-json\/wp\/v2\/pages"}],"about":[{"href":"https:\/\/www.association-auburtin.fr\/index.php\/wp-json\/wp\/v2\/types\/page"}],"author":[{"embeddable":true,"href":"https:\/\/www.association-auburtin.fr\/index.php\/wp-json\/wp\/v2\/users\/1"}],"replies":[{"embeddable":true,"href":"https:\/\/www.association-auburtin.fr\/index.php\/wp-json\/wp\/v2\/comments?post=1136"}],"version-history":[{"count":25,"href":"https:\/\/www.association-auburtin.fr\/index.php\/wp-json\/wp\/v2\/pages\/1136\/revisions"}],"predecessor-version":[{"id":2671,"href":"https:\/\/www.association-auburtin.fr\/index.php\/wp-json\/wp\/v2\/pages\/1136\/revisions\/2671"}],"up":[{"embeddable":true,"href":"https:\/\/www.association-auburtin.fr\/index.php\/wp-json\/wp\/v2\/pages\/1050"}],"wp:attachment":[{"href":"https:\/\/www.association-auburtin.fr\/index.php\/wp-json\/wp\/v2\/media?parent=1136"}],"curies":[{"name":"wp","href":"https:\/\/api.w.org\/{rel}","templated":true}]}}